{"id":477,"date":"2016-05-10T12:58:28","date_gmt":"2016-05-10T12:58:28","guid":{"rendered":"http:\/\/melody.ancorathemes.com\/?page_id=477"},"modified":"2022-09-05T15:48:50","modified_gmt":"2022-09-05T15:48:50","slug":"home-3","status":"publish","type":"page","link":"https:\/\/musikschule-goryanskyy.de\/de\/","title":{"rendered":"Home"},"content":{"rendered":"<p>[vc_row][vc_column][vc_raw_html]JTNDZGl2JTIwY2xhc3MlM0QlMjJ4bS1mdWxsc2NyZWVuLWJnJTIyJTNFJTBBJTNDdmlkZW8lMjBsb29wJTIwbXV0ZWQlMjBhdXRvcGxheSUyMCUyMGNsYXNzJTNEJTIyeG0tZnVsbHNjcmVlbi1iZ19fdmlkZW8lMjIlM0UlMEElM0Nzb3VyY2UlMjBzcmMlM0QlMjJodHRwcyUzQSUyRiUyRm11c2lrc2NodWxlLWdvcnlhbnNreXkuZGUlMkZ3cC1jb250ZW50JTJGdXBsb2FkcyUyRjIwMjElMkYwOCUyRkludHJvMi5tcDQlMjIlMjB0eXBlJTNEJTIydmlkZW8lMkZtcDQlMjIlM0UlMEElM0MlMkZ2aWRlbyUzRSUwQSUzQyUyRmRpdiUzRQ==[\/vc_raw_html][\/vc_column][\/vc_row][vc_row][vc_column]<h3 class=\"sc_title sc_title_regular\"><\/p>\n<div class=\"homehor2\">\n<div class=\"homevert1\">\n<h4 class=\"homehor1\" style=\"text-align: center;\"><span style=\"color: #ff6600;\"><strong>Die moderne Musikschule f\u00fcr Kinder, Jugendliche, Erwachsene und \u00c4ltere<\/strong><\/span><br \/>\n<span style=\"color: #ff6600;\"><strong>&#8230;f\u00fcr Anf\u00e4nger, Fortgeschrittene und Wiedereinsteiger!<\/strong><\/span><\/h4>\n<\/div>\n<div><\/div>\n<\/div>\n<p><\/h3>[\/vc_column][\/vc_row][vc_row][vc_column width=&#8220;1\/2&#8243; css=&#8220;.vc_custom_1462864288916{margin-top: 0.3rem !important;}&#8220;][vc_raw_html]JTNDZGl2JTIwY2xhc3MlM0QlMjJ4bS1mdWxsc2NyZWVuLWJnJTIyJTNFJTBBJTNDdmlkZW8lMjBwcmVsb2FkJTNEJTIybWV0YWRhdGElMjIlMjB3aWR0aCUzRCUyMjQwMCUyMiUzRSUwQSUzQ3NvdXJjZSUyMHNyYyUzRCUyMmh0dHBzJTNBJTJGJTJGbXVzaWtzY2h1bGUtZ29yeWFuc2t5eS5kZSUyRndwLWNvbnRlbnQlMkZ1cGxvYWRzJTJGMjAyMCUyRjA4JTJGMy5tcDQlMjN0JTNEMC41JTIyJTIwdHlwZSUzRCUyMnZpZGVvJTJGbXA0JTIyJTNFJTBBJTNDJTJGdmlkZW8lM0UlMEElM0MlMkZkaXYlM0U=[\/vc_raw_html][\/vc_column][vc_column width=&#8220;1\/2&#8243;][vc_column_text]<span style=\"color: #000000;\">Unsere T\u00fcren sind offen f\u00fcr alle, die Lust und Interesse haben, in ihrer Freizeit zu musizieren&#8230;.<\/span><br \/>\n<span style=\"color: #000000;\">Die Musikschule Goryanskyy zeichnen sich durch hochwertigen Musikunterricht aus. Viel Wert legen wir dabei auf den Bezug zur Praxis. Dies \u00e4u\u00dfert sich beispielsweise durch regelm\u00e4\u00dfige Sch\u00fclerkonzerte Der Anschluss zu unserer Musikschule bietet hierbei den Musikern die M\u00f6glichkeit, sich zu professionalisieren und einen musikalischen Berufsweg einzuschlagen.<\/span>[\/vc_column_text][\/vc_column][\/vc_row][vc_row][vc_column css=&#8220;.vc_custom_1462864288916{margin-top: 0.3rem !important;}&#8220;]<div class=\"sc_promo margin_top_null margin_bottom_medium sc_promo_size_large\"><div class=\"sc_promo_inner\"><div class=\"sc_promo_image\" style=\"background-image:url(https:\/\/musikschule-goryanskyy.de\/wp-content\/uploads\/2020\/08\/26s.jpg);width:30%;right: 0;\"><\/div><div class=\"sc_promo_block sc_align_left\" style=\"width: 70%; float: left;background-image:url(https:\/\/musikschule-goryanskyy.de\/wp-content\/uploads\/2020\/08\/mymussmall.png);\"><div class=\"sc_promo_block_inner\"><h1 class=\"sc_promo_title sc_item_title\">Was wird unterrichtet?<\/h1><div class=\"sc_promo_descr sc_item_descr\"><\/p>\n<h4>1. Grundlagen des Spiels auf einem Instrument<br \/>\n2. Technische Weiterentwicklung<br \/>\n3. Kreative F\u00e4higkeiten<br \/>\n4. H\u00f6ren, Verstehen und Widergeben verschiedener musikalischer Genres<br \/>\n5. Erfassen der Struktur eines Musikst\u00fccks<br \/>\n6. Der b\u00fchnenreife Auftritt<\/h4>\n<p><\/div><\/div><\/div><\/div><\/div>[\/vc_column][\/vc_row][vc_row inverse=&#8220;&#8220; css=&#8220;.vc_custom_1598731300633{padding-bottom: 30px !important;background-color: #59c6bc !important;}&#8220;][vc_column width=&#8220;1\/2&#8243;][vc_column_text]<\/p>\n<h4><span style=\"color: #ffffff;\"><strong>Mit welchem Ziel?<\/strong><\/span><\/h4>\n<h4><span style=\"color: #ffffff;\">Ziel ist das selbstst\u00e4ndige Erfassen, Bewerten und Meistern musikalischer Werke.<\/span><br \/>\n<span style=\"color: #ffffff;\">Mit welchen Unterrichtsmethoden?<\/span><br \/>\n<span style=\"color: #ffffff;\">Auf Grundlage eines Zusammenspiels aus Wissen, K\u00f6nnen und Praxis werden musikalische und kreative F\u00e4higkeiten der Jugendlichen gef\u00f6rdert. Verschiedene musikalische Genres, Musikst\u00fccke aus aller Welt, werden gemeinsam mit den Jugendlichen erforscht, sowie ein Verst\u00e4ndnis f\u00fcr nationale Traditionen und Folklore gef\u00f6rdert.<\/span><br \/>\n<span style=\"color: #ffffff;\">\u2022 Theoretische Einf\u00fchrungen (Erkl\u00e4rung, Analyse, Vergleich)<\/span><br \/>\n<span style=\"color: #ffffff;\">\u2022 Praktische Demonstrationen<\/span><br \/>\n<span style=\"color: #ffffff;\">\u2022 H\u00f6ren von Tonaufnahmen herausragender K\u00fcnstler, Bands, Besuch von Konzerten, um die musikalische Entwicklung der Jugendlichen zu f\u00f6rdern<\/span><br \/>\n<span style=\"color: #ffffff;\">\u2022 Individuelle Unterst\u00fctzung jeder Sch\u00fclerin, jedes Sch\u00fclers, unter Ber\u00fccksichtigung des jeweiligen Alters, der Leistungsf\u00e4higkeit und des Lernniveaus.<\/span><\/h4>\n<p>[\/vc_column_text][\/vc_column][vc_column width=&#8220;1\/2&#8243;][vc_column_text]<\/p>\n<h4><span style=\"color: #ffffff;\"><strong>Das Hauptfach und Unterrichtdauer<\/strong><\/span><\/h4>\n<h4><span style=\"color: #ffffff;\">W\u00e4hrend des Unterrichts in der Grundstufe werden Eignung und Interesse der Kinder f\u00fcr einen nachfolgenden Instrumentalunterricht sorgf\u00e4ltig beobachtet. Besonders zu ber\u00fccksichtigen ist eine bei der Instrumenteninformation und Beratung erkennbare Neigung des Kindes f\u00fcr ein bestimmtes Instrument, eine Instrumentengattung.<\/span><br \/>\n<span style=\"color: #ffffff;\">Im allgemeinen erh\u00e4lt der Sch\u00fcler eine Wochenstunde Unterricht in seinem Hauptfach (in der Regel 45 Minuten). In der Anfangsphase wird-vor allem unterrichten. Der Unterricht wird von Anfang an mit 1 oder 2 Wochenstunden im empfohlenen Ensemble oder Erg\u00e4nzungsfach begleitet.<\/span><br \/>\n<span style=\"color: #ffffff;\">Der Unterricht wird als Gruppen oder Einzelunterricht erteilt.<\/span><br \/>\n<span style=\"color: #ffffff;\">Unterrichtsform<\/span><br \/>\n<span style=\"color: #ffffff;\">Einzelunterricht: Zwei Stunde pro Woche.<\/span><br \/>\n<span style=\"color: #ffffff;\">Gruppenunterricht: Der Unterricht findet in Kleingruppen von 5 bis 15 Personen statt, zwei Stunden pro Woche.<\/span><\/h4>\n<p>[\/vc_column_text][\/vc_column][\/vc_row][vc_row full_width=&#8220;stretch_row&#8220; css=&#8220;.vc_custom_1462865672215{background-color: #f7f7f7 !important;}&#8220;][vc_column css=&#8220;.vc_custom_1462867913397{margin-top: 0.85rem !important;margin-bottom: 1.5rem !important;}&#8220;][\/vc_column][\/vc_row][vc_row full_width=&#8220;stretch_row&#8220; css=&#8220;.vc_custom_1462868235830{background-color: #f7f7f7 !important;}&#8220;][vc_column css=&#8220;.vc_custom_1462870427941{margin-top: 1rem !important;}&#8220;][\/vc_column][\/vc_row][vc_row][vc_column css=&#8220;.vc_custom_1462871605781{margin-top: 0.9rem !important;margin-bottom: 0.5rem !important;}&#8220;][\/vc_column][\/vc_row][vc_row][vc_column css=&#8220;.vc_custom_1462874272918{margin-top: 0.85rem !important;}&#8220;][\/vc_column][\/vc_row][vc_row][vc_column css=&#8220;.vc_custom_1598443620075{margin-top: 1.15rem !important;}&#8220;][\/vc_column][\/vc_row][vc_column][\/vc_column]<\/p>\n","protected":false},"excerpt":{"rendered":"<p>[vc_row][vc_column][vc_raw_html]JTNDZGl2JTIwY2xhc3MlM0QlMjJ4bS1mdWxsc2NyZWVuLWJnJTIyJTNFJTBBJTNDdmlkZW8lMjBsb29wJTIwbXV0ZWQlMjBhdXRvcGxheSUyMCUyMGNsYXNzJTNEJTIyeG0tZnVsbHNjcmVlbi1iZ19fdmlkZW8lMjIlM0UlMEElM0Nzb3VyY2UlMjBzcmMlM0QlMjJodHRwcyUzQSUyRiUyRm11c2lrc2NodWxlLWdvcnlhbnNreXkuZGUlMkZ3cC1jb250ZW50JTJGdXBsb2FkcyUyRjIwMjElMkYwOCUyRkludHJvMi5tcDQlMjIlMjB0eXBlJTNEJTIydmlkZW8lMkZtcDQlMjIlM0UlMEElM0MlMkZ2aWRlbyUzRSUwQSUzQyUyRmRpdiUzRQ==[\/vc_raw_html][\/vc_column][\/vc_row][vc_row][vc_column][\/vc_column][\/vc_row][vc_row][vc_column width=&#8220;1\/2&#8243; css=&#8220;.vc_custom_1462864288916{margin-top: 0.3rem !important;}&#8220;][vc_raw_html]JTNDZGl2JTIwY2xhc3MlM0QlMjJ4bS1mdWxsc2NyZWVuLWJnJTIyJTNFJTBBJTNDdmlkZW8lMjBwcmVsb2FkJTNEJTIybWV0YWRhdGElMjIlMjB3aWR0aCUzRCUyMjQwMCUyMiUzRSUwQSUzQ3NvdXJjZSUyMHNyYyUzRCUyMmh0dHBzJTNBJTJGJTJGbXVzaWtzY2h1bGUtZ29yeWFuc2t5eS5kZSUyRndwLWNvbnRlbnQlMkZ1cGxvYWRzJTJGMjAyMCUyRjA4JTJGMy5tcDQlMjN0JTNEMC41JTIyJTIwdHlwZSUzRCUyMnZpZGVvJTJGbXA0JTIyJTNFJTBBJTNDJTJGdmlkZW8lM0UlMEElM0MlMkZkaXYlM0U=[\/vc_raw_html][\/vc_column][vc_column width=&#8220;1\/2&#8243;][vc_column_text]Unsere T\u00fcren sind offen f\u00fcr alle, die Lust und Interesse haben, in ihrer Freizeit zu musizieren&#8230;. Die Musikschule Goryanskyy zeichnen sich durch hochwertigen Musikunterricht aus. Viel Wert legen wir dabei auf den Bezug zur Praxis. Dies \u00e4u\u00dfert sich beispielsweise durch regelm\u00e4\u00dfige Sch\u00fclerkonzerte Der Anschluss zu unserer Musikschule bietet hierbei den [&hellip;]<\/p>\n","protected":false},"author":1,"featured_media":0,"parent":0,"menu_order":0,"comment_status":"closed","ping_status":"closed","template":"","meta":[],"_links":{"self":[{"href":"https:\/\/musikschule-goryanskyy.de\/de\/wp-json\/wp\/v2\/pages\/477"}],"collection":[{"href":"https:\/\/musikschule-goryanskyy.de\/de\/wp-json\/wp\/v2\/pages"}],"about":[{"href":"https:\/\/musikschule-goryanskyy.de\/de\/wp-json\/wp\/v2\/types\/page"}],"author":[{"embeddable":true,"href":"https:\/\/musikschule-goryanskyy.de\/de\/wp-json\/wp\/v2\/users\/1"}],"replies":[{"embeddable":true,"href":"https:\/\/musikschule-goryanskyy.de\/de\/wp-json\/wp\/v2\/comments?post=477"}],"version-history":[{"count":97,"href":"https:\/\/musikschule-goryanskyy.de\/de\/wp-json\/wp\/v2\/pages\/477\/revisions"}],"predecessor-version":[{"id":1722,"href":"https:\/\/musikschule-goryanskyy.de\/de\/wp-json\/wp\/v2\/pages\/477\/revisions\/1722"}],"wp:attachment":[{"href":"https:\/\/musikschule-goryanskyy.de\/de\/wp-json\/wp\/v2\/media?parent=477"}],"curies":[{"name":"wp","href":"https:\/\/api.w.org\/{rel}","templated":true}]}}